{"id":20,"date":"2025-08-01T11:12:04","date_gmt":"2025-08-01T09:12:04","guid":{"rendered":"https:\/\/alfafoodgroup.pl\/?page_id=20"},"modified":"2025-10-28T11:19:53","modified_gmt":"2025-10-28T10:19:53","slug":"o-nas","status":"publish","type":"page","link":"https:\/\/alfafoodgroup.pl\/en\/o-nas\/","title":{"rendered":"About us"},"content":{"rendered":"","protected":false},"excerpt":{"rendered":"","protected":false},"author":1,"featured_media":0,"parent":0,"menu_order":0,"comment_status":"closed","ping_status":"closed","template":"about.php","meta":{"_acf_changed":false,"footnotes":""},"class_list":["post-20","page","type-page","status-publish","hentry"],"acf":[],"yoast_head":"<!-- This site is optimized with the Yoast SEO Premium plugin v23.8 (Yoast SEO v26.2) - https:\/\/yoast.com\/wordpress\/plugins\/seo\/ -->\n<title>O nas - Alfa Food Group - transport produkt\u00f3w spo\u017cywczych<\/title>\n<meta name=\"description\" content=\"Gwarantujemy, \u017ce Tw\u00f3j \u0142a\u0144cuch dostaw jest w najlepszych r\u0119kach. Alfa Food Group \u2013 20 lat do\u015bwiadczenia w transporcie p\u0142ynnych produkt\u00f3w spo\u017cywczych\" \/>\n<meta name=\"robots\" content=\"index, follow, max-snippet:-1, max-image-preview:large, max-video-preview:-1\" \/>\n<link rel=\"canonical\" href=\"https:\/\/alfafoodgroup.pl\/en\/o-nas\/\" \/>\n<meta property=\"og:locale\" content=\"en_GB\" \/>\n<meta property=\"og:type\" content=\"article\" \/>\n<meta property=\"og:title\" content=\"O nas\" \/>\n<meta property=\"og:description\" content=\"Gwarantujemy, \u017ce Tw\u00f3j \u0142a\u0144cuch dostaw jest w najlepszych r\u0119kach. Alfa Food Group \u2013 20 lat do\u015bwiadczenia w transporcie p\u0142ynnych produkt\u00f3w spo\u017cywczych\" \/>\n<meta property=\"og:url\" content=\"https:\/\/alfafoodgroup.pl\/en\/o-nas\/\" \/>\n<meta property=\"og:site_name\" content=\"Alfa Food Group - transport produkt\u00f3w spo\u017cywczych\" \/>\n<meta property=\"article:modified_time\" content=\"2025-10-28T10:19:53+00:00\" \/>\n<meta property=\"og:image\" content=\"https:\/\/alfafoodgroup.pl\/wp-content\/uploads\/2025\/09\/alfa-food-1.png\" \/>\n\t<meta property=\"og:image:width\" content=\"1280\" \/>\n\t<meta property=\"og:image:height\" content=\"853\" \/>\n\t<meta property=\"og:image:type\" content=\"image\/png\" \/>\n<meta name=\"twitter:card\" content=\"summary_large_image\" \/>\n<script type=\"application\/ld+json\" class=\"yoast-schema-graph\">{\"@context\":\"https:\/\/schema.org\",\"@graph\":[{\"@type\":\"WebPage\",\"@id\":\"https:\/\/alfafoodgroup.pl\/o-nas\/\",\"url\":\"https:\/\/alfafoodgroup.pl\/o-nas\/\",\"name\":\"O nas - Alfa Food Group - transport produkt\u00f3w spo\u017cywczych\",\"isPartOf\":{\"@id\":\"https:\/\/alfafoodgroup.pl\/#website\"},\"datePublished\":\"2025-08-01T09:12:04+00:00\",\"dateModified\":\"2025-10-28T10:19:53+00:00\",\"description\":\"Gwarantujemy, \u017ce Tw\u00f3j \u0142a\u0144cuch dostaw jest w najlepszych r\u0119kach. Alfa Food Group \u2013 20 lat do\u015bwiadczenia w transporcie p\u0142ynnych produkt\u00f3w spo\u017cywczych\",\"breadcrumb\":{\"@id\":\"https:\/\/alfafoodgroup.pl\/o-nas\/#breadcrumb\"},\"inLanguage\":\"en-GB\",\"potentialAction\":[{\"@type\":\"ReadAction\",\"target\":[\"https:\/\/alfafoodgroup.pl\/o-nas\/\"]}]},{\"@type\":\"BreadcrumbList\",\"@id\":\"https:\/\/alfafoodgroup.pl\/o-nas\/#breadcrumb\",\"itemListElement\":[{\"@type\":\"ListItem\",\"position\":1,\"name\":\"Strona g\u0142\u00f3wna\",\"item\":\"https:\/\/alfafoodgroup.pl\/\"},{\"@type\":\"ListItem\",\"position\":2,\"name\":\"O nas\"}]},{\"@type\":\"WebSite\",\"@id\":\"https:\/\/alfafoodgroup.pl\/#website\",\"url\":\"https:\/\/alfafoodgroup.pl\/\",\"name\":\"Alfa Food Group - transport produkt\u00f3w spo\u017cywczych\",\"description\":\"\",\"potentialAction\":[{\"@type\":\"SearchAction\",\"target\":{\"@type\":\"EntryPoint\",\"urlTemplate\":\"https:\/\/alfafoodgroup.pl\/?s={search_term_string}\"},\"query-input\":{\"@type\":\"PropertyValueSpecification\",\"valueRequired\":true,\"valueName\":\"search_term_string\"}}],\"inLanguage\":\"en-GB\"}]}<\/script>\n<!-- \/ Yoast SEO Premium plugin. -->","yoast_head_json":{"title":"About us - Alfa Food Group - food transportation","description":"We guarantee that your supply chain is in the best hands. Alfa Food Group - 20 years of experience in transporting liquid foodstuffs","robots":{"index":"index","follow":"follow","max-snippet":"max-snippet:-1","max-image-preview":"max-image-preview:large","max-video-preview":"max-video-preview:-1"},"canonical":"https:\/\/alfafoodgroup.pl\/en\/o-nas\/","og_locale":"en_GB","og_type":"article","og_title":"O nas","og_description":"Gwarantujemy, \u017ce Tw\u00f3j \u0142a\u0144cuch dostaw jest w najlepszych r\u0119kach. Alfa Food Group \u2013 20 lat do\u015bwiadczenia w transporcie p\u0142ynnych produkt\u00f3w spo\u017cywczych","og_url":"https:\/\/alfafoodgroup.pl\/en\/o-nas\/","og_site_name":"Alfa Food Group - transport produkt\u00f3w spo\u017cywczych","article_modified_time":"2025-10-28T10:19:53+00:00","og_image":[{"width":1280,"height":853,"url":"https:\/\/alfafoodgroup.pl\/wp-content\/uploads\/2025\/09\/alfa-food-1.png","type":"image\/png"}],"twitter_card":"summary_large_image","schema":{"@context":"https:\/\/schema.org","@graph":[{"@type":"WebPage","@id":"https:\/\/alfafoodgroup.pl\/o-nas\/","url":"https:\/\/alfafoodgroup.pl\/o-nas\/","name":"About us - Alfa Food Group - food transportation","isPartOf":{"@id":"https:\/\/alfafoodgroup.pl\/#website"},"datePublished":"2025-08-01T09:12:04+00:00","dateModified":"2025-10-28T10:19:53+00:00","description":"We guarantee that your supply chain is in the best hands. Alfa Food Group - 20 years of experience in transporting liquid foodstuffs","breadcrumb":{"@id":"https:\/\/alfafoodgroup.pl\/o-nas\/#breadcrumb"},"inLanguage":"en-GB","potentialAction":[{"@type":"ReadAction","target":["https:\/\/alfafoodgroup.pl\/o-nas\/"]}]},{"@type":"BreadcrumbList","@id":"https:\/\/alfafoodgroup.pl\/o-nas\/#breadcrumb","itemListElement":[{"@type":"ListItem","position":1,"name":"Strona g\u0142\u00f3wna","item":"https:\/\/alfafoodgroup.pl\/"},{"@type":"ListItem","position":2,"name":"O nas"}]},{"@type":"WebSite","@id":"https:\/\/alfafoodgroup.pl\/#website","url":"https:\/\/alfafoodgroup.pl\/","name":"Alfa Food Group - transport of food products","description":"","potentialAction":[{"@type":"SearchAction","target":{"@type":"EntryPoint","urlTemplate":"https:\/\/alfafoodgroup.pl\/?s={search_term_string}"},"query-input":{"@type":"PropertyValueSpecification","valueRequired":true,"valueName":"search_term_string"}}],"inLanguage":"en-GB"}]}},"_links":{"self":[{"href":"https:\/\/alfafoodgroup.pl\/en\/wp-json\/wp\/v2\/pages\/20","targetHints":{"allow":["GET"]}}],"collection":[{"href":"https:\/\/alfafoodgroup.pl\/en\/wp-json\/wp\/v2\/pages"}],"about":[{"href":"https:\/\/alfafoodgroup.pl\/en\/wp-json\/wp\/v2\/types\/page"}],"author":[{"embeddable":true,"href":"https:\/\/alfafoodgroup.pl\/en\/wp-json\/wp\/v2\/users\/1"}],"replies":[{"embeddable":true,"href":"https:\/\/alfafoodgroup.pl\/en\/wp-json\/wp\/v2\/comments?post=20"}],"version-history":[{"count":22,"href":"https:\/\/alfafoodgroup.pl\/en\/wp-json\/wp\/v2\/pages\/20\/revisions"}],"predecessor-version":[{"id":262,"href":"https:\/\/alfafoodgroup.pl\/en\/wp-json\/wp\/v2\/pages\/20\/revisions\/262"}],"wp:attachment":[{"href":"https:\/\/alfafoodgroup.pl\/en\/wp-json\/wp\/v2\/media?parent=20"}],"curies":[{"name":"wp","href":"https:\/\/api.w.org\/{rel}","templated":true}]}}